{"id":1520,"date":"2025-11-11T11:55:53","date_gmt":"2025-11-11T11:55:53","guid":{"rendered":"https:\/\/cgs-network.org\/CASAXR26\/?page_id=1520"},"modified":"2025-12-09T10:43:55","modified_gmt":"2025-12-09T10:43:55","slug":"keynote-speakers","status":"publish","type":"page","link":"https:\/\/cgs-network.org\/CASAXR26\/index.php\/keynote-speakers\/","title":{"rendered":"KEYNOTE SPEAKERS"},"content":{"rendered":"\n<p class=\"has-text-align-left has-black-color has-text-color has-link-color has-medium-font-size wp-elements-43528fe1eda3b0872f58b0e8cbcf33c8\"><strong>Luciana Nedel <\/strong><\/p>\n\n\n\n<figure class=\"wp-block-image size-full is-resized\"><img loading=\"lazy\" decoding=\"async\" width=\"481\" height=\"591\" src=\"https:\/\/cgs-network.org\/CASAXR26\/wp-content\/uploads\/2025\/12\/thumbnail_lu-80.jpg\" alt=\"\" class=\"wp-image-1574\" style=\"aspect-ratio:0.8138784496830278;width:193px;height:auto\" srcset=\"https:\/\/cgs-network.org\/CASAXR26\/wp-content\/uploads\/2025\/12\/thumbnail_lu-80.jpg 481w, https:\/\/cgs-network.org\/CASAXR26\/wp-content\/uploads\/2025\/12\/thumbnail_lu-80-244x300.jpg 244w\" sizes=\"auto, (max-width: 481px) 100vw, 481px\" \/><\/figure>\n\n\n\n<p class=\"has-text-align-left has-medium-font-size\">Federal University of Rio Grande, Brazil<\/p>\n\n\n\n<h3 class=\"wp-block-heading\">Keynote title:&nbsp; Designing Next-Generation Simulators: Real-Time Immersion for Real Learning<\/h3>\n\n\n\n<h3 class=\"wp-block-heading\">Short bio:<\/h3>\n\n\n\n<p><a href=\"http:\/\/www.inf.ufrgs.br\/~nedel\">Luciana Nedel<\/a> is a full professor at the Federal University of Rio Grande do Sul (UFRGS), in Brazil, where she has been teaching and doing research in virtual reality, interactive visualization, and human-computer interaction since 2002. She received her PhD in Computer Science from the Swiss Federal Institute of Technology (EPFL) in Lausanne, Switzerland, in 1998. In her research career, she has been involved in projects with industry and in collaboration with various universities abroad. Her main research interests include virtual and augmented reality, immersive visual analytics, and 3D User interfaces (3DUI). She is a member of IEEE, where she has served as program committee chair on multiple occasions, including IEEE VR 2025 (full papers), Interact 2025 (short papers), and IEEE VR 2022 (journal papers), among others. She is also an associated editor for IEEE TVCG (Transactions on Visualization and Computer Graphics, Computers &amp; Graphics, IEEE Computer Graphics &amp; Applications, The Visual Computer Journal (TVC), Frontiers in Virtual Reality, and SBC JBCS (Journal of the Brazilian Computer Society).<\/p>\n\n\n\n<h3 class=\"wp-block-heading\">Short summary of the talk:<\/h3>\n\n\n\n<p>For centuries, human learning has been based on direct exposure to tasks and the environments in which they occur.&nbsp;Over time, symbolic tools like chess emerged to teach military strategy and explore complex concepts safely. Today, applied games and immersive environments extend this practice, from flight simulators to VR medical training. In this talk, I will explore some key challenges in designing immersive simulators. Technologically, we must deliver realistic real-time graphics, believable virtual humans, accurate motion tracking, low latency, and seamless multisensory integration. From a human perspective, we need learning experiences that strike a balance between realism and usability, avoid cognitive overload, accommodate individual differences, and foster reflection on real-world actions. Ultimately, both trainees and instructors should clearly understand performance and outcomes.&nbsp;Throughout the talk,&nbsp;I will share lessons&nbsp;we\u2019ve&nbsp;learned and highlight open questions that are shaping the future of immersive simulation.<\/p>\n\n\n\n<p class=\"has-text-align-left has-black-color has-text-color has-link-color has-medium-font-size wp-elements-92639f312cd377101b500faa066aa888\"><\/p>\n\n\n\n<p><\/p>\n\n\n\n<hr class=\"wp-block-separator has-text-color has-cyan-bluish-gray-color has-alpha-channel-opacity has-cyan-bluish-gray-background-color has-background is-style-wide\"\/>\n\n\n\n<p><\/p>\n\n\n\n<p><\/p>\n\n\n\n<p class=\"has-text-align-left has-black-color has-text-color has-link-color has-medium-font-size wp-elements-4fcafc6ca2a9f79f15443b5b783e0756\"><strong>Jean-Remy Chardonnet<\/strong> <\/p>\n\n\n\n<figure class=\"wp-block-image size-full is-resized\"><img loading=\"lazy\" decoding=\"async\" width=\"800\" height=\"800\" src=\"https:\/\/cgs-network.org\/CASAXR26\/wp-content\/uploads\/2025\/11\/JRC.jpeg\" alt=\"\" class=\"wp-image-1562\" style=\"width:193px;height:auto\" srcset=\"https:\/\/cgs-network.org\/CASAXR26\/wp-content\/uploads\/2025\/11\/JRC.jpeg 800w, https:\/\/cgs-network.org\/CASAXR26\/wp-content\/uploads\/2025\/11\/JRC-300x300.jpeg 300w, https:\/\/cgs-network.org\/CASAXR26\/wp-content\/uploads\/2025\/11\/JRC-150x150.jpeg 150w, https:\/\/cgs-network.org\/CASAXR26\/wp-content\/uploads\/2025\/11\/JRC-768x768.jpeg 768w\" sizes=\"auto, (max-width: 800px) 100vw, 800px\" \/><\/figure>\n\n\n\n<p class=\"has-text-align-left has-medium-font-size\">Arts&amp;M\u00e9tiers Institute of Technology, Ch\u00e2lon sur Sa\u00f4ne, France<\/p>\n\n\n\n<figure class=\"wp-block-image size-large is-resized\"><img loading=\"lazy\" decoding=\"async\" width=\"1024\" height=\"306\" src=\"https:\/\/cgs-network.org\/CASAXR26\/wp-content\/uploads\/2025\/11\/AM_logo-1024x306.jpg\" alt=\"\" class=\"wp-image-1564\" style=\"width:197px;height:auto\" srcset=\"https:\/\/cgs-network.org\/CASAXR26\/wp-content\/uploads\/2025\/11\/AM_logo-1024x306.jpg 1024w, https:\/\/cgs-network.org\/CASAXR26\/wp-content\/uploads\/2025\/11\/AM_logo-300x90.jpg 300w, https:\/\/cgs-network.org\/CASAXR26\/wp-content\/uploads\/2025\/11\/AM_logo-768x229.jpg 768w, https:\/\/cgs-network.org\/CASAXR26\/wp-content\/uploads\/2025\/11\/AM_logo.jpg 1387w\" sizes=\"auto, (max-width: 1024px) 100vw, 1024px\" \/><\/figure>\n\n\n\n<ol start=\"1\" class=\"wp-block-list\">\n<li><\/li>\n<\/ol>\n\n\n\n<h3 class=\"wp-block-heading\">Keynote title:&nbsp; &#8220;Redefining our relationship with virtual avatars&#8221;<\/h3>\n\n\n\n<h3 class=\"wp-block-heading\">Short bio:<\/h3>\n\n\n\n<p><a href=\"https:\/\/sites.google.com\/view\/jean-remychardonnet\/accueil\">Jean-R\u00e9my Chardonnet<\/a> received a Ph.D. degree in robotics from the Montpellier University, France, in 2009. After being an Expert Engineer with INRIA Rh\u00f4ne-Alpes, he became an Associated Professor in 2011 with the LISPEN laboratory, Arts et M\u00e9tiers Institute of Technology, France. In 2019, he was a visiting professor at the Karlsruhe Institute of Technology, Germany. Since 2023, he is a Full Professor at Arts et M\u00e9tiers Institute of Technology, and Deputy Director of the LISPEN laboratory where he leads a team dedicated to XR. He is also responsible for the French-German Institute for the Industry of the Future, a strategic collaboration between Arts et M\u00e9tiers and Karlsruhe Institute of Technology. His research interests include multisensory immersion, collaborative XR, predicting and mitigating cybersickness effects to propose individualized immersive experiences, by developing trustworthy intelligent avatars of the users. He is the co-author of more than 100 publications. He is involved in different international conference committees, e.g., IEEE VR, ACM VRST.<\/p>\n\n\n\n<h3 class=\"wp-block-heading\">Short summary of the talk:<\/h3>\n\n\n\n<p>The literature shows a growing interest in avatars and virtual agents, with applications ranging from education to industry and healthcare. At the same time, rapid advances in AI are opening up new forms of interaction with these entities. Based on work carried out at the LISPEN lab at Arts et Metiers Institute of Technology, this talk will explore how we can leverage these advances to redefine our relationship with virtual avatars and, more broadly, immersive environments, and develop next-generation trustworthy extended reality.<\/p>\n\n\n\n<p><\/p>\n\n\n\n<p class=\"has-text-align-left has-black-color has-text-color has-link-color has-medium-font-size wp-elements-92639f312cd377101b500faa066aa888\"><\/p>\n\n\n\n<p><\/p>\n","protected":false},"excerpt":{"rendered":"<p>Luciana Nedel Federal University of Rio Grande, Brazil Keynote title:&nbsp; Designing Next-Generation Simulators: Real-Time Immersion for Real Learning Short bio: Luciana Nedel is a full professor at the Federal University &#8230;<\/p>\n","protected":false},"author":1,"featured_media":0,"parent":0,"menu_order":0,"comment_status":"closed","ping_status":"closed","template":"template-fullwidth.php","meta":{"footnotes":""},"class_list":["post-1520","page","type-page","status-publish","hentry"],"yoast_head":"<!-- This site is optimized with the Yoast SEO plugin v27.3 - https:\/\/yoast.com\/product\/yoast-seo-wordpress\/ -->\n<title>KEYNOTE SPEAKERS - CASAXR26<\/title>\n<meta name=\"robots\" content=\"index, follow, max-snippet:-1, max-image-preview:large, max-video-preview:-1\" \/>\n<link rel=\"canonical\" href=\"https:\/\/cgs-network.org\/CASAXR26\/index.php\/keynote-speakers\/\" \/>\n<meta property=\"og:locale\" content=\"en_US\" \/>\n<meta property=\"og:type\" content=\"article\" \/>\n<meta property=\"og:title\" content=\"KEYNOTE SPEAKERS - CASAXR26\" \/>\n<meta property=\"og:description\" content=\"Luciana Nedel Federal University of Rio Grande, Brazil Keynote title:&nbsp; Designing Next-Generation Simulators: Real-Time Immersion for Real Learning Short bio: Luciana Nedel is a full professor at the Federal University ...\" \/>\n<meta property=\"og:url\" content=\"https:\/\/cgs-network.org\/CASAXR26\/index.php\/keynote-speakers\/\" \/>\n<meta property=\"og:site_name\" content=\"CASAXR26\" \/>\n<meta property=\"article:modified_time\" content=\"2025-12-09T10:43:55+00:00\" \/>\n<meta property=\"og:image\" content=\"https:\/\/cgs-network.org\/CASAXR26\/wp-content\/uploads\/2025\/12\/thumbnail_lu-80.jpg\" \/>\n\t<meta property=\"og:image:width\" content=\"481\" \/>\n\t<meta property=\"og:image:height\" content=\"591\" \/>\n\t<meta property=\"og:image:type\" content=\"image\/jpeg\" \/>\n<meta name=\"twitter:card\" content=\"summary_large_image\" \/>\n<meta name=\"twitter:label1\" content=\"Est. reading time\" \/>\n\t<meta name=\"twitter:data1\" content=\"4 minutes\" \/>\n<script type=\"application\/ld+json\" class=\"yoast-schema-graph\">{\"@context\":\"https:\\\/\\\/schema.org\",\"@graph\":[{\"@type\":\"WebPage\",\"@id\":\"https:\\\/\\\/cgs-network.org\\\/CASAXR26\\\/index.php\\\/keynote-speakers\\\/\",\"url\":\"https:\\\/\\\/cgs-network.org\\\/CASAXR26\\\/index.php\\\/keynote-speakers\\\/\",\"name\":\"KEYNOTE SPEAKERS - CASAXR26\",\"isPartOf\":{\"@id\":\"https:\\\/\\\/cgs-network.org\\\/CASAXR26\\\/#website\"},\"primaryImageOfPage\":{\"@id\":\"https:\\\/\\\/cgs-network.org\\\/CASAXR26\\\/index.php\\\/keynote-speakers\\\/#primaryimage\"},\"image\":{\"@id\":\"https:\\\/\\\/cgs-network.org\\\/CASAXR26\\\/index.php\\\/keynote-speakers\\\/#primaryimage\"},\"thumbnailUrl\":\"https:\\\/\\\/cgs-network.org\\\/CASAXR26\\\/wp-content\\\/uploads\\\/2025\\\/12\\\/thumbnail_lu-80.jpg\",\"datePublished\":\"2025-11-11T11:55:53+00:00\",\"dateModified\":\"2025-12-09T10:43:55+00:00\",\"breadcrumb\":{\"@id\":\"https:\\\/\\\/cgs-network.org\\\/CASAXR26\\\/index.php\\\/keynote-speakers\\\/#breadcrumb\"},\"inLanguage\":\"en-US\",\"potentialAction\":[{\"@type\":\"ReadAction\",\"target\":[\"https:\\\/\\\/cgs-network.org\\\/CASAXR26\\\/index.php\\\/keynote-speakers\\\/\"]}]},{\"@type\":\"ImageObject\",\"inLanguage\":\"en-US\",\"@id\":\"https:\\\/\\\/cgs-network.org\\\/CASAXR26\\\/index.php\\\/keynote-speakers\\\/#primaryimage\",\"url\":\"https:\\\/\\\/cgs-network.org\\\/CASAXR26\\\/wp-content\\\/uploads\\\/2025\\\/12\\\/thumbnail_lu-80.jpg\",\"contentUrl\":\"https:\\\/\\\/cgs-network.org\\\/CASAXR26\\\/wp-content\\\/uploads\\\/2025\\\/12\\\/thumbnail_lu-80.jpg\",\"width\":481,\"height\":591},{\"@type\":\"BreadcrumbList\",\"@id\":\"https:\\\/\\\/cgs-network.org\\\/CASAXR26\\\/index.php\\\/keynote-speakers\\\/#breadcrumb\",\"itemListElement\":[{\"@type\":\"ListItem\",\"position\":1,\"name\":\"Home\",\"item\":\"https:\\\/\\\/cgs-network.org\\\/CASAXR26\\\/index.php\\\/home\\\/\"},{\"@type\":\"ListItem\",\"position\":2,\"name\":\"KEYNOTE SPEAKERS\"}]},{\"@type\":\"WebSite\",\"@id\":\"https:\\\/\\\/cgs-network.org\\\/CASAXR26\\\/#website\",\"url\":\"https:\\\/\\\/cgs-network.org\\\/CASAXR26\\\/\",\"name\":\"CASAXR26\",\"description\":\"\",\"publisher\":{\"@id\":\"https:\\\/\\\/cgs-network.org\\\/CASAXR26\\\/#organization\"},\"potentialAction\":[{\"@type\":\"SearchAction\",\"target\":{\"@type\":\"EntryPoint\",\"urlTemplate\":\"https:\\\/\\\/cgs-network.org\\\/CASAXR26\\\/?s={search_term_string}\"},\"query-input\":{\"@type\":\"PropertyValueSpecification\",\"valueRequired\":true,\"valueName\":\"search_term_string\"}}],\"inLanguage\":\"en-US\"},{\"@type\":\"Organization\",\"@id\":\"https:\\\/\\\/cgs-network.org\\\/CASAXR26\\\/#organization\",\"name\":\"CASAXR26\",\"url\":\"https:\\\/\\\/cgs-network.org\\\/CASAXR26\\\/\",\"logo\":{\"@type\":\"ImageObject\",\"inLanguage\":\"en-US\",\"@id\":\"https:\\\/\\\/cgs-network.org\\\/CASAXR26\\\/#\\\/schema\\\/logo\\\/image\\\/\",\"url\":\"https:\\\/\\\/cgs-network.org\\\/CASAXR26\\\/wp-content\\\/uploads\\\/2025\\\/11\\\/cropped-CASAxr26.png\",\"contentUrl\":\"https:\\\/\\\/cgs-network.org\\\/CASAXR26\\\/wp-content\\\/uploads\\\/2025\\\/11\\\/cropped-CASAxr26.png\",\"width\":1640,\"height\":369,\"caption\":\"CASAXR26\"},\"image\":{\"@id\":\"https:\\\/\\\/cgs-network.org\\\/CASAXR26\\\/#\\\/schema\\\/logo\\\/image\\\/\"}}]}<\/script>\n<!-- \/ Yoast SEO plugin. -->","yoast_head_json":{"title":"KEYNOTE SPEAKERS - CASAXR26","robots":{"index":"index","follow":"follow","max-snippet":"max-snippet:-1","max-image-preview":"max-image-preview:large","max-video-preview":"max-video-preview:-1"},"canonical":"https:\/\/cgs-network.org\/CASAXR26\/index.php\/keynote-speakers\/","og_locale":"en_US","og_type":"article","og_title":"KEYNOTE SPEAKERS - CASAXR26","og_description":"Luciana Nedel Federal University of Rio Grande, Brazil Keynote title:&nbsp; Designing Next-Generation Simulators: Real-Time Immersion for Real Learning Short bio: Luciana Nedel is a full professor at the Federal University ...","og_url":"https:\/\/cgs-network.org\/CASAXR26\/index.php\/keynote-speakers\/","og_site_name":"CASAXR26","article_modified_time":"2025-12-09T10:43:55+00:00","og_image":[{"width":481,"height":591,"url":"https:\/\/cgs-network.org\/CASAXR26\/wp-content\/uploads\/2025\/12\/thumbnail_lu-80.jpg","type":"image\/jpeg"}],"twitter_card":"summary_large_image","twitter_misc":{"Est. reading time":"4 minutes"},"schema":{"@context":"https:\/\/schema.org","@graph":[{"@type":"WebPage","@id":"https:\/\/cgs-network.org\/CASAXR26\/index.php\/keynote-speakers\/","url":"https:\/\/cgs-network.org\/CASAXR26\/index.php\/keynote-speakers\/","name":"KEYNOTE SPEAKERS - CASAXR26","isPartOf":{"@id":"https:\/\/cgs-network.org\/CASAXR26\/#website"},"primaryImageOfPage":{"@id":"https:\/\/cgs-network.org\/CASAXR26\/index.php\/keynote-speakers\/#primaryimage"},"image":{"@id":"https:\/\/cgs-network.org\/CASAXR26\/index.php\/keynote-speakers\/#primaryimage"},"thumbnailUrl":"https:\/\/cgs-network.org\/CASAXR26\/wp-content\/uploads\/2025\/12\/thumbnail_lu-80.jpg","datePublished":"2025-11-11T11:55:53+00:00","dateModified":"2025-12-09T10:43:55+00:00","breadcrumb":{"@id":"https:\/\/cgs-network.org\/CASAXR26\/index.php\/keynote-speakers\/#breadcrumb"},"inLanguage":"en-US","potentialAction":[{"@type":"ReadAction","target":["https:\/\/cgs-network.org\/CASAXR26\/index.php\/keynote-speakers\/"]}]},{"@type":"ImageObject","inLanguage":"en-US","@id":"https:\/\/cgs-network.org\/CASAXR26\/index.php\/keynote-speakers\/#primaryimage","url":"https:\/\/cgs-network.org\/CASAXR26\/wp-content\/uploads\/2025\/12\/thumbnail_lu-80.jpg","contentUrl":"https:\/\/cgs-network.org\/CASAXR26\/wp-content\/uploads\/2025\/12\/thumbnail_lu-80.jpg","width":481,"height":591},{"@type":"BreadcrumbList","@id":"https:\/\/cgs-network.org\/CASAXR26\/index.php\/keynote-speakers\/#breadcrumb","itemListElement":[{"@type":"ListItem","position":1,"name":"Home","item":"https:\/\/cgs-network.org\/CASAXR26\/index.php\/home\/"},{"@type":"ListItem","position":2,"name":"KEYNOTE SPEAKERS"}]},{"@type":"WebSite","@id":"https:\/\/cgs-network.org\/CASAXR26\/#website","url":"https:\/\/cgs-network.org\/CASAXR26\/","name":"CASAXR26","description":"","publisher":{"@id":"https:\/\/cgs-network.org\/CASAXR26\/#organization"},"potentialAction":[{"@type":"SearchAction","target":{"@type":"EntryPoint","urlTemplate":"https:\/\/cgs-network.org\/CASAXR26\/?s={search_term_string}"},"query-input":{"@type":"PropertyValueSpecification","valueRequired":true,"valueName":"search_term_string"}}],"inLanguage":"en-US"},{"@type":"Organization","@id":"https:\/\/cgs-network.org\/CASAXR26\/#organization","name":"CASAXR26","url":"https:\/\/cgs-network.org\/CASAXR26\/","logo":{"@type":"ImageObject","inLanguage":"en-US","@id":"https:\/\/cgs-network.org\/CASAXR26\/#\/schema\/logo\/image\/","url":"https:\/\/cgs-network.org\/CASAXR26\/wp-content\/uploads\/2025\/11\/cropped-CASAxr26.png","contentUrl":"https:\/\/cgs-network.org\/CASAXR26\/wp-content\/uploads\/2025\/11\/cropped-CASAxr26.png","width":1640,"height":369,"caption":"CASAXR26"},"image":{"@id":"https:\/\/cgs-network.org\/CASAXR26\/#\/schema\/logo\/image\/"}}]}},"_links":{"self":[{"href":"https:\/\/cgs-network.org\/CASAXR26\/index.php\/wp-json\/wp\/v2\/pages\/1520","targetHints":{"allow":["GET"]}}],"collection":[{"href":"https:\/\/cgs-network.org\/CASAXR26\/index.php\/wp-json\/wp\/v2\/pages"}],"about":[{"href":"https:\/\/cgs-network.org\/CASAXR26\/index.php\/wp-json\/wp\/v2\/types\/page"}],"author":[{"embeddable":true,"href":"https:\/\/cgs-network.org\/CASAXR26\/index.php\/wp-json\/wp\/v2\/users\/1"}],"replies":[{"embeddable":true,"href":"https:\/\/cgs-network.org\/CASAXR26\/index.php\/wp-json\/wp\/v2\/comments?post=1520"}],"version-history":[{"count":13,"href":"https:\/\/cgs-network.org\/CASAXR26\/index.php\/wp-json\/wp\/v2\/pages\/1520\/revisions"}],"predecessor-version":[{"id":1589,"href":"https:\/\/cgs-network.org\/CASAXR26\/index.php\/wp-json\/wp\/v2\/pages\/1520\/revisions\/1589"}],"wp:attachment":[{"href":"https:\/\/cgs-network.org\/CASAXR26\/index.php\/wp-json\/wp\/v2\/media?parent=1520"}],"curies":[{"name":"wp","href":"https:\/\/api.w.org\/{rel}","templated":true}]}}